{"id":473,"date":"2021-02-24T19:47:50","date_gmt":"2021-02-24T19:47:50","guid":{"rendered":"https:\/\/bettersportsbetting.ca\/home\/"},"modified":"2021-05-25T12:31:03","modified_gmt":"2021-05-25T16:31:03","slug":"home","status":"publish","type":"page","link":"https:\/\/bettersportsbetting.ca\/fr\/","title":{"rendered":"Home"},"content":{"rendered":"\n\n\t\n<div role=\"navigation\" aria-label=\"S\u00e9lecteur de langue\" class=\"wpml-ls-statics-footer wpml-ls wpml-ls-legacy-list-horizontal\">\n\t<ul><li class=\"wpml-ls-slot-footer wpml-ls-item wpml-ls-item-en wpml-ls-first-item wpml-ls-item-legacy-list-horizontal\">\n\t\t\t\t<a href=\"https:\/\/bettersportsbetting.ca\/\" hreflang=\"en\" lang=\"en\" class=\"wpml-ls-link\" aria-label=\"Passer \u00e0 Anglais (English)\" title=\"Passer \u00e0 Anglais (English)\">\n\t\t\t\t\t<span class=\"wpml-ls-native\">English<\/span><span class=\"wpml-ls-display\"><span class=\"wpml-ls-bracket\"> (<\/span>Anglais<span class=\"wpml-ls-bracket\">)<\/span><\/span><\/a>\n\t\t\t<\/li><li class=\"wpml-ls-slot-footer wpml-ls-item wpml-ls-item-fr wpml-ls-current-language wpml-ls-last-item wpml-ls-item-legacy-list-horizontal\">\n\t\t\t\t<a href=\"https:\/\/bettersportsbetting.ca\/fr\/\" hreflang=\"fr\" lang=\"fr\" class=\"wpml-ls-link\" aria-current=\"page\" aria-label=\"Passer \u00e0 Fran\u00e7ais (Fran\u00e7ais)\" title=\"Passer \u00e0 Fran\u00e7ais (Fran\u00e7ais)\">\n\t\t\t\t\t<span class=\"wpml-ls-native\">Fran\u00e7ais<\/span><\/a>\n\t\t\t<\/li><\/ul>\n<\/div>\n\n\t<p>Ces parties prenantes appuient l&rsquo;adoption imm\u00e9diate du projet de loi C-218, la Loi sur le pari sportif s\u00e9curitaire et r\u00e9glement\u00e9. Pour prot\u00e9ger les consommateurs et les joueurs. Pour cr\u00e9er de l&#8217;emploi. Pour am\u00e9liorer l&rsquo;exp\u00e9rience des adeptes. Et pour les retomb\u00e9es \u00e9conomiques et le plus grand bien des gens partout au Canada. En \u00e9quipe, nous unissons nos voix :<\/p>\n\t<p>National Hockey League (NHL)<\/p>\n<p>Canadian Football League (CFL)<\/p>\n<p>National Basketball Association (NBA)<\/p>\n<p>Canadian Premier League (CPL)<\/p>\n<p>Major League Baseball (MLB)<\/p>\n<p>Province of Alberta<\/p>\n<p>Alberta Gaming Liquor and Cannabis<\/p>\n<p>Province of Ontario<\/p>\n<p>Regional Municipality of Niagara<\/p>\n<p>Saskatchewan Indian Gaming Authority<\/p>\n<p>City of Niagara Falls<\/p>\n<p>City of Windsor<\/p>\n<p>Manitoba Liquor and Lotteries<\/p>\n\t<p>Windsor-Essex Regional Chamber of Commerce<\/p>\n<p>Atlantic Lottery Corporation<\/p>\n<p>Province of Nova Scotia<\/p>\n<p>Nova Scotia Gaming Corporation<\/p>\n<p>Canadian Labour Congress<\/p>\n<p>New Brunswick Lotteries and Gaming Corporation<\/p>\n<p>UNIFOR<\/p>\n<p>Canadian Centre for Ethics in Sport<\/p>\n<p>International Olympic Committee<\/p>\n<p>Alberta Charitable Casino Operators Association<\/p>\n<p>Canadian Gaming Association<\/p>\n<p>Commercial Gaming Association of Ontario<\/p>\n\t\t\t\t<img loading=\"lazy\" decoding=\"async\" src=\"https:\/\/bettersportsbetting.ca\/wp-content\/uploads\/annual-sports-wagering-in-canada.jpg\" alt=\"annual-sports-wagering-in-canada\" itemprop=\"image\" height=\"538\" width=\"1000\" title=\"annual-sports-wagering-in-canada\" onerror=\"this.style.display='none'\"  \/>\n\t<h1>\n\t\t\t\tPARTAGE TES PENS\u00c9ES\n\t\t\t<\/h1>\n\t    <iframe\n      id=\"JotFormIFrame-211255308072245\"\n      title=\"CGA Better Sports Betting Poll\"\n      onload=\"window.parent.scrollTo(0,0)\"\n      allowtransparency=\"true\"\n      allowfullscreen=\"true\"\n      allow=\"geolocation; microphone; camera\"\n      src=\"https:\/\/form.jotform.com\/211255308072245\"\n      frameborder=\"0\"\n      style=\"\n      min-width: 100%;\n      height:539px;\n      border:none;\"\n      scrolling=\"no\">\n    <\/iframe>\n\t<h2>\n\t\t\t\tAVIS EN DIRECT\n\t\t\t<\/h2>\n\t\n<!-- Custom Twitter Feeds by Smash Balloon -->\n<div id=\"ctf\" class=\" ctf ctf-type-usertimeline ctf-rebranded ctf-feed-1  ctf-styles ctf-list ctf-regular-style\"   data-ctfshortcode=\"{&quot;feed&quot;:1}\"   data-ctfdisablelinks=\"false\" data-ctflinktextcolor=\"#\" data-header-size=\"small\" data-feedid=\"1\" data-postid=\"473\"  data-feed=\"1\" data-ctfintents=\"1\"  data-ctfneeded=\"2\">\n            <div id=\"ctf\" class=\"ctf\">\n            <div class=\"ctf-error\">\n                <div class=\"ctf-error-user\">\n\t\t\t\t\tLe flux Twitter n\u2019est pas disponible pour le moment.                <\/div>\n            <\/div>\n        <\/div>\n\t\t    <div class=\"ctf-tweets\">\n   \t\t    <\/div>\n    \n<\/div>\n\n<h1>\n\t\tLe saviez-vous ?\n\t<\/h1>\n\t\t\t\t\t\t\t<p>Le Canada autorise les paris sportifs l\u00e9gaux depuis plusieurs d\u00e9cennies d\u00e9j\u00e0. Toutefois, seuls les paris par reports sont offerts par les soci\u00e9t\u00e9s canadiennes de jeux, ce qui oblige les joueurs \u00e0 parier sur au moins deux \u00e9v\u00e9nements sportifs \u00e0 la fois.<\/p>\t\t\t\t\t\t\n\t\t\t\t\t\t\t<p>Les sp\u00e9cialistes en mati\u00e8re de jeu responsable, d&rsquo;application des lois, de sport professionnel et de sport amateur sont tous d&rsquo;avis que la supervision r\u00e9glementaire et le contr\u00f4le des paris sportifs repr\u00e9sentent la meilleure fa\u00e7on de prot\u00e9ger la population, les athl\u00e8tes et l&rsquo;int\u00e9grit\u00e9 des jeux de hasard et d&rsquo;argent.<\/p>\t\t\t\t\t\t\n\t\t\t\t\t\t\t<p>L&rsquo;amendement du Code criminel pour autoriser les paris sur un seul \u00e9v\u00e9nement sportif pourrait permettre :<\/p><ul><li>D&rsquo;accro\u00eetre la supervision r\u00e9glementaire et de r\u00e9duire les paris ill\u00e9gaux\u00a0<\/li><li>De renforcer la protection des consommateurs\u00a0<\/li><li>De cr\u00e9er des possibilit\u00e9s \u00e9conomiques pour les collectivit\u00e9s<\/li><\/ul>\t\t\t\t\t\t\n\t\t\t\t\t\t\t<p>Au Canada, dix milliards de dollars sont mis\u00e9s chaque ann\u00e9e dans des paris sportifs tenus ill\u00e9galement et quatre autres milliards aboutissent dans des comptes \u00e0 l&rsquo;\u00e9tranger par l&rsquo;entremise de sites de paris sportifs en ligne. Les paris sportifs l\u00e9gaux au moyen de produits de loterie li\u00e9s au sport, qui sont g\u00e9r\u00e9s par les provinces, repr\u00e9sentent seulement 500 millions de dollars.<\/p>\t\t\t\t\t\t\n\t\t\t\t\t\t\t<p>Un march\u00e9 r\u00e9glement\u00e9 de paris sportifs l\u00e9gaux cr\u00e9era des possibilit\u00e9s en mati\u00e8re de croissance et d&#8217;emploi pour les entreprises de technologies de jeux et les op\u00e9rateurs de paris sportifs au sein de l&rsquo;industrie canadienne des jeux l\u00e9gaux et r\u00e9glement\u00e9s.<\/p>\t\t\t\t\t\t\n\t\t\t\t\t\t\t<p>La majorit\u00e9 des \u00e9tats poss\u00e9dant une fronti\u00e8re directe avec le Canada autorisent le pari sportif, ou ont des lois sur le pari sportif \u00e0 l&rsquo;\u00e9tude ou sur le point d&rsquo;\u00eatre adopt\u00e9es. Pour les collectivit\u00e9s frontali\u00e8res, l&rsquo;ouverture du march\u00e9 des paris sportifs favorisera la relance \u00e9conomique, cr\u00e9era des possibilit\u00e9s d&#8217;emploi pour des centaines de travailleurs et produira d&rsquo;importantes retomb\u00e9es \u00e9conomiques.<\/p>\t\t\t\t\t\t\n\t<h1>\n\t\t\t\tResources\n\t\t\t<\/h1>\n\t\t\t\t<a href=\"http:\/\/canadiangaming.ca\/sports-betting-fact-sheet\/\" target=\"_self\" itemprop=\"url\" rel=\"noopener\">\n\t\t\t\t<img loading=\"lazy\" decoding=\"async\" src=\"https:\/\/bettersportsbetting.ca\/wp-content\/uploads\/sports-betting-fact-sheet.jpg\" alt=\"CGA Sports Betting Fact Sheet\" itemprop=\"image\" height=\"2536\" width=\"1952\" title=\"sports-betting-fact-sheet\" onerror=\"this.style.display='none'\"  \/>\n\t\t\t\t<\/a>\n\t\tSports Betting Fact Sheet\n<h1>\n\t\tSaisissons cette occasion de rendre le pari sportif  au Canada s\u00e9curitaire et r\u00e9glement\u00e9. \n\t<\/h1>\n\n","protected":false},"excerpt":{"rendered":"<p>Ces parties prenantes appuient l&rsquo;adoption imm\u00e9diate du projet de loi C-218, la Loi sur le pari sportif s\u00e9curitaire et r\u00e9glement\u00e9. Pour prot\u00e9ger les consommateurs et les joueurs. Pour cr\u00e9er de l&#8217;emploi. Pour am\u00e9liorer l&rsquo;exp\u00e9rience des adeptes. Et pour les retomb\u00e9es \u00e9conomiques et le plus grand bien des gens partout au Canada. En \u00e9quipe, nous unissons&hellip;<\/p>\n","protected":false},"author":1,"featured_media":484,"parent":0,"menu_order":0,"comment_status":"closed","ping_status":"closed","template":"","meta":{"footnotes":""},"class_list":["post-473","page","type-page","status-publish","has-post-thumbnail","hentry"],"_links":{"self":[{"href":"https:\/\/bettersportsbetting.ca\/fr\/wp-json\/wp\/v2\/pages\/473","targetHints":{"allow":["GET"]}}],"collection":[{"href":"https:\/\/bettersportsbetting.ca\/fr\/wp-json\/wp\/v2\/pages"}],"about":[{"href":"https:\/\/bettersportsbetting.ca\/fr\/wp-json\/wp\/v2\/types\/page"}],"author":[{"embeddable":true,"href":"https:\/\/bettersportsbetting.ca\/fr\/wp-json\/wp\/v2\/users\/1"}],"replies":[{"embeddable":true,"href":"https:\/\/bettersportsbetting.ca\/fr\/wp-json\/wp\/v2\/comments?post=473"}],"version-history":[{"count":12,"href":"https:\/\/bettersportsbetting.ca\/fr\/wp-json\/wp\/v2\/pages\/473\/revisions"}],"predecessor-version":[{"id":508,"href":"https:\/\/bettersportsbetting.ca\/fr\/wp-json\/wp\/v2\/pages\/473\/revisions\/508"}],"wp:featuredmedia":[{"embeddable":true,"href":"https:\/\/bettersportsbetting.ca\/fr\/wp-json\/wp\/v2\/media\/484"}],"wp:attachment":[{"href":"https:\/\/bettersportsbetting.ca\/fr\/wp-json\/wp\/v2\/media?parent=473"}],"curies":[{"name":"wp","href":"https:\/\/api.w.org\/{rel}","templated":true}]}}